{"id":697,"date":"2017-03-29T13:27:35","date_gmt":"2017-03-29T11:27:35","guid":{"rendered":"http:\/\/schule.bammentaler-tennisclub.de\/?page_id=697"},"modified":"2020-04-02T12:27:15","modified_gmt":"2020-04-02T10:27:15","slug":"themenorientierter-unterricht-to","status":"publish","type":"page","link":"https:\/\/www.grundschule-lobbach.de\/?page_id=697","title":{"rendered":"Themenorientierter Unterricht (TO)"},"content":{"rendered":"<p>An unserer Schule findet &#8222;Themenorientierter Unterricht&#8220; auch genannt TO zweimal in der Woche statt. Der Wahl- TO Unterricht wird meistens in der Schule abgehalten. Es gibt von den Lehren und von den Sch\u00fclern Themenvorschl\u00e4ge. An einem bestimmten Tag werden die Themen bekannt gegeben und die Sch\u00fcler erhalten die M\u00f6glichkeit, sich in die Themen einzuw\u00e4hlen.<br \/>\nF\u00fcr den Pflicht-TO- Unterricht werden Unterrichtseinheiten aus dem Bildungsplan ausgegliedert und jahrgangs\u00fcbergreifend und themenorientiert unterrichtet.<\/p>\n<p>Die Kinder m\u00fcssen sich immer mehrere Themen aussuchen, da viele Sch\u00fcler\u00a0in das selbe Angebot wollen und die Lehrer nur eine bestimmte Anzahl an Sch\u00fclern nehmen k\u00f6nnen.<br \/>\nSch\u00f6n ist es nat\u00fcrlich, wenn man genau in den TO kommt, den man an erster Stelle gew\u00e4hlt hat. Die einzelnen Gruppen werden nach einer Woche an einem schwarzen Brett ausgeh\u00e4ngt.<br \/>\nBeim &#8222;Themenorientierten Unterricht&#8220; werden die Unterrichtsthemen in verschiedenen Arten bearbeitet z.B. das TO Homepage der Schule. Da konnten die Sch\u00fcler, die in die Gruppe gekommen sind, die alte Homepage der Schule erneuern.<br \/>\nDer TO Unterricht ist f\u00fcr die Sch\u00fcler sehr abwechslungsreich, deswegen macht er sehr viel Spa\u00df.<\/p>\n<h3>Themengebiete: Pflichtbereich<\/h3>\n<ol>\n<li><strong>Medienerziehung<\/strong><\/li>\n<li><strong>Gesundheit und Ern\u00e4hrung<br \/>\n<\/strong><\/li>\n<li><strong>Spiel und Bewegung<\/strong><em><br \/>\n<\/em><\/li>\n<li><strong>Lekt\u00fcren und Lesef\u00f6rderung<\/strong><\/li>\n<li><strong>K\u00fcnstler<\/strong><\/li>\n<li><strong>Arbeit mit Textilien und Garnen (TW- Bereich)<\/strong><\/li>\n<li><strong>Lebensr\u00e4ume<\/strong><\/li>\n<\/ol>\n","protected":false},"excerpt":{"rendered":"<p>An unserer Schule findet &#8222;Themenorientierter Unterricht&#8220; auch genannt TO zweimal in der Woche statt. Der Wahl- TO Unterricht wird meistens in der Schule abgehalten. Es gibt von den Lehren und von den Sch\u00fclern Themenvorschl\u00e4ge. An einem bestimmten Tag werden die Themen bekannt gegeben und die Sch\u00fcler erhalten die M\u00f6glichkeit, sich in die Themen einzuw\u00e4hlen. F\u00fcr [&hellip;]<\/p>\n","protected":false},"author":2,"featured_media":0,"parent":24,"menu_order":0,"comment_status":"closed","ping_status":"closed","template":"","meta":{"two_page_speed":[],"footnotes":""},"class_list":["post-697","page","type-page","status-publish","hentry"],"_links":{"self":[{"href":"https:\/\/www.grundschule-lobbach.de\/index.php?rest_route=\/wp\/v2\/pages\/697","targetHints":{"allow":["GET"]}}],"collection":[{"href":"https:\/\/www.grundschule-lobbach.de\/index.php?rest_route=\/wp\/v2\/pages"}],"about":[{"href":"https:\/\/www.grundschule-lobbach.de\/index.php?rest_route=\/wp\/v2\/types\/page"}],"author":[{"embeddable":true,"href":"https:\/\/www.grundschule-lobbach.de\/index.php?rest_route=\/wp\/v2\/users\/2"}],"replies":[{"embeddable":true,"href":"https:\/\/www.grundschule-lobbach.de\/index.php?rest_route=%2Fwp%2Fv2%2Fcomments&post=697"}],"version-history":[{"count":6,"href":"https:\/\/www.grundschule-lobbach.de\/index.php?rest_route=\/wp\/v2\/pages\/697\/revisions"}],"predecessor-version":[{"id":1708,"href":"https:\/\/www.grundschule-lobbach.de\/index.php?rest_route=\/wp\/v2\/pages\/697\/revisions\/1708"}],"up":[{"embeddable":true,"href":"https:\/\/www.grundschule-lobbach.de\/index.php?rest_route=\/wp\/v2\/pages\/24"}],"wp:attachment":[{"href":"https:\/\/www.grundschule-lobbach.de\/index.php?rest_route=%2Fwp%2Fv2%2Fmedia&parent=697"}],"curies":[{"name":"wp","href":"https:\/\/api.w.org\/{rel}","templated":true}]}}