{"id":348,"date":"2017-03-28T16:14:41","date_gmt":"2017-03-28T14:14:41","guid":{"rendered":"http:\/\/schule.bammentaler-tennisclub.de\/?page_id=348"},"modified":"2022-02-07T12:55:24","modified_gmt":"2022-02-07T11:55:24","slug":"impressum","status":"publish","type":"page","link":"https:\/\/www.grundschule-lobbach.de\/?page_id=348","title":{"rendered":"Impressum &#038; Datenschutz"},"content":{"rendered":"<div id=\"c48\" class=\"csc-default\">\n<p>Grundschule Lobbach<br \/>\nSchulstra\u00dfe 16<br \/>\n74931 Lobbach<br \/>\nTelefon: 06226\/40184<br \/>\nE-Mail: <a class=\"mail\" href=\"mailto:rektorat@grundschule-lobbach.de\">rektorat@grundschule-lobbach.de<\/a><\/p>\n<p>Schulleitung:<br \/>\nFrau Biskup<\/p>\n<p>Verantwortlicher f\u00fcr die Website i.S.d. \u00a7 10 Abs. 3 MDStV:<br \/>\nUlrike Biskup (Anschrift wie oben)<br \/>\nE-Mail: <a class=\"mail\" href=\"mailto:webmaster@grundschule-lobbach.de\">webmaster@grundschule-lobbach.de<\/a><\/p>\n<h2>Haftungshinweis<\/h2>\n<p>Trotz sorg\u00e4ltiger inhaltlicher Kontrolle \u00fcbernehmen wir keine Haftung f\u00fcr die Inhalte externer Links. F\u00fcr den Inhalt der verlinkten Seiten sind ausschlie\u00dflich deren Betreiber verantwortlich. S\u00e4mtliche angebotenen Informationen d\u00fcrfen &#8211; auch auszugsweise &#8211;\u00a0 nur mit schriftlicher Genehmigung der Schule weiterverbreitet oder anderweitig ver\u00f6ffentlicht werden. Die Suchsysteme von Homepages d\u00fcrfen nur zu pers\u00f6nlichen Zwecken verwendet werden. Keinesfalls ist es gestattet, die abgerufenen Informationen\u00a0 weiterzuverbreiten oder kommerziell zu nutzen.<\/p>\n<p>Falls Sch\u00fcler, Lehrer oder Eltern Einw\u00e4nde gegen die Ver\u00f6ffentlichung von Fotos haben, nehmen Sie bitte Kontakt mit dem Web- Betreuer auf.<\/p>\n<\/div>\n<div id=\"c135\" class=\"csc-default\">\n<h2>Konzeption, Gestaltung und Programmierung<\/h2>\n<div class=\"csc-textpic csc-textpic-intext-right\">Marina Biskup<\/div>\n<div class=\"csc-textpic-clear\"><\/div>\n<\/div>\n<div id=\"c164\" class=\"csc-default\">\n<h2>Inhalte, Bildbearbeitung und Klassenfotos<\/h2>\n<p>Ulrike Biskup<\/p>\n<\/div>\n<h2><a href=\"https:\/\/www.grundschule-lobbach.de\/?page_id=1411\">Datenschutzerkl\u00e4rung<\/a><\/h2>\n","protected":false},"excerpt":{"rendered":"<p>Grundschule Lobbach Schulstra\u00dfe 16 74931 Lobbach Telefon: 06226\/40184 E-Mail: rektorat@grundschule-lobbach.de Schulleitung: Frau Biskup Verantwortlicher f\u00fcr die Website i.S.d. \u00a7 10 Abs. 3 MDStV: Ulrike Biskup (Anschrift wie oben) E-Mail: webmaster@grundschule-lobbach.de Haftungshinweis Trotz sorg\u00e4ltiger inhaltlicher Kontrolle \u00fcbernehmen wir keine Haftung f\u00fcr die Inhalte externer Links. F\u00fcr den Inhalt der verlinkten Seiten sind ausschlie\u00dflich deren Betreiber verantwortlich. [&hellip;]<\/p>\n","protected":false},"author":2,"featured_media":0,"parent":0,"menu_order":0,"comment_status":"closed","ping_status":"closed","template":"","meta":{"two_page_speed":[],"footnotes":""},"class_list":["post-348","page","type-page","status-publish","hentry"],"_links":{"self":[{"href":"https:\/\/www.grundschule-lobbach.de\/index.php?rest_route=\/wp\/v2\/pages\/348","targetHints":{"allow":["GET"]}}],"collection":[{"href":"https:\/\/www.grundschule-lobbach.de\/index.php?rest_route=\/wp\/v2\/pages"}],"about":[{"href":"https:\/\/www.grundschule-lobbach.de\/index.php?rest_route=\/wp\/v2\/types\/page"}],"author":[{"embeddable":true,"href":"https:\/\/www.grundschule-lobbach.de\/index.php?rest_route=\/wp\/v2\/users\/2"}],"replies":[{"embeddable":true,"href":"https:\/\/www.grundschule-lobbach.de\/index.php?rest_route=%2Fwp%2Fv2%2Fcomments&post=348"}],"version-history":[{"count":9,"href":"https:\/\/www.grundschule-lobbach.de\/index.php?rest_route=\/wp\/v2\/pages\/348\/revisions"}],"predecessor-version":[{"id":1409,"href":"https:\/\/www.grundschule-lobbach.de\/index.php?rest_route=\/wp\/v2\/pages\/348\/revisions\/1409"}],"wp:attachment":[{"href":"https:\/\/www.grundschule-lobbach.de\/index.php?rest_route=%2Fwp%2Fv2%2Fmedia&parent=348"}],"curies":[{"name":"wp","href":"https:\/\/api.w.org\/{rel}","templated":true}]}}