{"id":24,"date":"2017-03-28T10:01:15","date_gmt":"2017-03-28T08:01:15","guid":{"rendered":"http:\/\/schule.bammentaler-tennisclub.de\/?page_id=24"},"modified":"2022-02-07T10:27:45","modified_gmt":"2022-02-07T09:27:45","slug":"unsere-schule","status":"publish","type":"page","link":"https:\/\/www.grundschule-lobbach.de\/?page_id=24","title":{"rendered":"Unsere Schule"},"content":{"rendered":"<div id=\"content_inner\">\n<div id=\"c185\" class=\"csc-default\">\n<div class=\"csc-textpic-text\">\n<h2><b>Randbetreuung &#8222;Die Sachenmacher&#8220;\u00a0 &#8211;\u00a0 Ferienbetreuung<br \/>\n<\/b><\/h2>\n<h5><a href=\"https:\/\/www.grundschule-lobbach.de\/wp-content\/uploads\/2022\/01\/Anmeldung-Vordruck-22-23_ausfuell.pdf\">Anmeldung\u00a0 Randbetreuung Vordruck 22-23\u00a0\u00a0\u00a0\u00a0\u00a0\u00a0\u00a0\u00a0\u00a0\u00a0\u00a0\u00a0\u00a0\u00a0\u00a0 <\/a><b><a href=\"https:\/\/www.grundschule-lobbach.de\/wp-content\/uploads\/2022\/02\/Ferienbetreuung-Vordruck-22-23_ausf.pdf\">Ferienbetreuung-Vordruck-22-23_ausf<\/a><\/b><\/h5>\n<p><strong>Kernzeitbetreuung an der Grundschule Lobbach im Rahmen der Verl\u00e4sslichen Grundschule, Nachmittagsbetreuung sowie Ferienbetreuung<\/strong><\/p>\n<p><strong>\u00a0<\/strong>Die Gemeinde Lobbach f\u00fchrt als freiwillige Leistung eine Kernzeitbetreuung im Rahmen der Verl\u00e4sslichen Grundschule und Nachmittagsbetreuung durch.<\/p>\n<p>Es ist m\u00f6glich, f\u00fcr die Kernzeit (7:15 \u2013 8:40 Uhr und 12:20 \u2013 14:00 Uhr) 10er Gutscheine (40\u20ac) zu erwerben.<\/p>\n<p>Die Anmeldung erfolgt verbindlich f\u00fcr die Dauer <strong>eines Schuljahres<\/strong>. Zus\u00e4tzlich k\u00f6nnen Anmeldungen jederzeit w\u00e4hrend des laufenden Schuljahres abgegeben werden. K\u00fcndigungen seitens der Eltern, in schriftlicher Form, sind nur in Ausnahmef\u00e4llen (z.B. Wegzug) mit R\u00fccksprache der Betreuung m\u00f6glich.<\/p>\n<p>In Krankheitsf\u00e4llen ist die Betreuung per Email (<a href=\"mailto:schule-wawi@t-online.de\">schule-wawi@t-online.de<\/a>) oder telefonisch (06226\/40184 oder Handy Frau M\u00fcller) unverz\u00fcglich zu informieren.<\/p>\n<p>Die Jahrestarife f\u00fcr die angemeldeten Kinder sind auf 11 monatliche Raten aufgeteilt und werden von September bis Juli im Voraus f\u00e4llig. Sie sind per Einzugserm\u00e4chtigung zu begleichen.<\/p>\n<p>Bei schulfreien Br\u00fcckentagen findet keine Betreuung statt.<\/p>\n<p><strong>Tarife Kernzeit und Flexible Nachmittagsbetreuung:<\/strong><\/p>\n<table>\n<tbody>\n<tr>\n<td width=\"59\">Tarif<\/td>\n<td width=\"268\">Uhrzeit<\/td>\n<td width=\"169\">Monatspreis<\/td>\n<\/tr>\n<tr>\n<td width=\"59\">A<\/td>\n<td width=\"268\">Montag &#8211; Freitag<\/p>\n<p>07:15 Uhr \u2013 08:40 Uhr<\/p>\n<p>12:20 Uhr \u2013 14:00 Uhr<\/td>\n<td width=\"169\">45,00 \u20ac<\/td>\n<\/tr>\n<tr>\n<td width=\"59\">B<\/td>\n<td width=\"268\">Montag \u2013 Freitag<\/p>\n<p>07:15 Uhr \u2013 08:40 Uhr<\/p>\n<p>12:20 Uhr \u2013 14:00 Uhr<\/p>\n<p>Montag &#8211; Donnerstag<\/p>\n<p>14:00 Uhr \u2013 16.15 Uhr<\/td>\n<td width=\"169\">92,00 \u20ac<\/td>\n<\/tr>\n<tr>\n<td width=\"59\">C<\/td>\n<td width=\"268\">Montag \u2013 Freitag<\/p>\n<p>07:15 Uhr \u2013 08:40 Uhr<\/p>\n<p>12:20 Uhr \u2013 14:00 Uhr<\/p>\n<p>Montag \u2013 Donnerstag<\/p>\n<p>14.00 Uhr \u2013 16.15 Uhr<\/p>\n<p><span style=\"color: #0000ff;\">2 fest vereinbarte Tage\/Woche<\/span><\/td>\n<td width=\"169\">68,00 \u20ac<\/td>\n<\/tr>\n<\/tbody>\n<\/table>\n<p>Sofern zwei Kinder vom selben Haushalt zeitgleich die Kernzeit- oder Flexible Nachmittagsbetreuung oder die Ferienbetreuung besuchen, minimiert sich der Betrag f\u00fcr das zweite Kind um ca. 20% des jeweiligen Tarifs.<\/p>\n<p>F\u00fcr die Erstkl\u00e4ssler ist die Kernzeitbetreuung bis zu den Herbstferien kostenfrei. Sollte danach weiterhin Interesse bestehen, muss eine schriftliche Best\u00e4tigung der Anmeldung erfolgen.<\/p>\n<p><strong>Ferientarif:<\/strong><\/p>\n<p>Die Gemeinde Lobbach bietet in Zusammenarbeit mit der Kernzeit in folgenden Ferien eine Ferienbetreuung an:<\/p>\n<p>Herbstferien, Faschingsferien, eine Woche der Osterferien, eine Woche der Pfingstferien,<\/p>\n<p>drei Wochen der Sommerferien.<\/p>\n<p>Die ersten beiden Sommerferientage (Donnerstag und Freitag Ende Juli) sind in der Kernzeit enthalten.<\/p>\n<p>&nbsp;<\/p>\n<p><strong>4-Tage-Woche<\/strong><\/p>\n<table>\n<tbody>\n<tr>\n<td width=\"124\">Tarif<\/td>\n<td width=\"124\">Uhrzeit<\/td>\n<td width=\"124\">Tagespreis<\/td>\n<td width=\"124\">Wochenpreis<\/td>\n<\/tr>\n<tr>\n<td width=\"124\">D<\/p>\n<p>(Ferienwoche)<\/td>\n<td width=\"124\">07:15 Uhr-<\/p>\n<p>14:00 Uhr<\/td>\n<td width=\"124\">22,00<\/td>\n<td width=\"124\">70,00 \u20ac<\/td>\n<\/tr>\n<\/tbody>\n<\/table>\n<p><strong>\u00a0<\/strong><\/p>\n<p>Die notwendigen Anmeldeformulare (Kernzeit-, Nachmittags- und Ferienbetreuung) stehen Ihnen auf der Internetseite der Gemeinde Lobbach (<a href=\"http:\/\/www.Lobbach.de\">www.Lobbach.de<\/a>) unter der Rubrik \u201eGemeinde &amp; Verwaltung \u2013 Schulen und Kinderg\u00e4rten\u201c und der Internetseite der Grundschule Lobbach zum Download zur Verf\u00fcgung. Selbstverst\u00e4ndlich liegen diese Anmeldeformulare auch in der Schule (Sekretariat) und im Rathaus aus.<\/p>\n<p><strong>\u00a0<\/strong><\/p>\n<p><strong>\u00a0<\/strong><\/p>\n<p><strong>Bitte beachten Sie die Anmeldefristen.<\/strong><\/p>\n<\/div>\n<\/div>\n<\/div>\n","protected":false},"excerpt":{"rendered":"<p>Randbetreuung &#8222;Die Sachenmacher&#8220;\u00a0 &#8211;\u00a0 Ferienbetreuung Anmeldung\u00a0 Randbetreuung Vordruck 22-23\u00a0\u00a0\u00a0\u00a0\u00a0\u00a0\u00a0\u00a0\u00a0\u00a0\u00a0\u00a0\u00a0\u00a0\u00a0 Ferienbetreuung-Vordruck-22-23_ausf Kernzeitbetreuung an der Grundschule Lobbach im Rahmen der Verl\u00e4sslichen Grundschule, Nachmittagsbetreuung sowie Ferienbetreuung \u00a0Die Gemeinde Lobbach f\u00fchrt als freiwillige Leistung eine Kernzeitbetreuung im Rahmen der Verl\u00e4sslichen Grundschule und Nachmittagsbetreuung durch. Es ist m\u00f6glich, f\u00fcr die Kernzeit (7:15 \u2013 8:40 Uhr und 12:20 \u2013 14:00 Uhr) [&hellip;]<\/p>\n","protected":false},"author":2,"featured_media":0,"parent":0,"menu_order":0,"comment_status":"closed","ping_status":"closed","template":"","meta":{"two_page_speed":[],"footnotes":""},"class_list":["post-24","page","type-page","status-publish","hentry"],"_links":{"self":[{"href":"https:\/\/www.grundschule-lobbach.de\/index.php?rest_route=\/wp\/v2\/pages\/24","targetHints":{"allow":["GET"]}}],"collection":[{"href":"https:\/\/www.grundschule-lobbach.de\/index.php?rest_route=\/wp\/v2\/pages"}],"about":[{"href":"https:\/\/www.grundschule-lobbach.de\/index.php?rest_route=\/wp\/v2\/types\/page"}],"author":[{"embeddable":true,"href":"https:\/\/www.grundschule-lobbach.de\/index.php?rest_route=\/wp\/v2\/users\/2"}],"replies":[{"embeddable":true,"href":"https:\/\/www.grundschule-lobbach.de\/index.php?rest_route=%2Fwp%2Fv2%2Fcomments&post=24"}],"version-history":[{"count":12,"href":"https:\/\/www.grundschule-lobbach.de\/index.php?rest_route=\/wp\/v2\/pages\/24\/revisions"}],"predecessor-version":[{"id":1988,"href":"https:\/\/www.grundschule-lobbach.de\/index.php?rest_route=\/wp\/v2\/pages\/24\/revisions\/1988"}],"wp:attachment":[{"href":"https:\/\/www.grundschule-lobbach.de\/index.php?rest_route=%2Fwp%2Fv2%2Fmedia&parent=24"}],"curies":[{"name":"wp","href":"https:\/\/api.w.org\/{rel}","templated":true}]}}