{"id":1411,"date":"2018-04-12T13:18:18","date_gmt":"2018-04-12T11:18:18","guid":{"rendered":"https:\/\/www.wawi.hd.schule-bw.de\/?page_id=1411"},"modified":"2018-09-07T10:16:57","modified_gmt":"2018-09-07T08:16:57","slug":"datenschutzerklaerung","status":"publish","type":"page","link":"https:\/\/www.grundschule-lobbach.de\/?page_id=1411","title":{"rendered":"Datenschutzerkl\u00e4rung"},"content":{"rendered":"<p><strong>Anbieter und verantwortliche Stelle im Sinne des Datenschutzgesetzes<\/strong><\/p>\n<p><span id=\"s3-t-firma\">Grundschule Lobbach<\/span><br \/>\n<span id=\"s3-t-ansprechpartner\">Frau Biskup<\/span><br \/>\n<span id=\"s3-t-strasse\">Schulstra\u00dfe 16<\/span><br \/>\n<span id=\"s3-t-plz\">74931<\/span> <span id=\"s3-t-ort\">Lobbach<\/span><\/p>\n<p>Datenschutzbeauftragter: Frau Schmidt-Schuch<\/p>\n<p><strong>Geltungsbereich<\/strong><\/p>\n<p>Nutzer erhalten mit dieser Datenschutzerkl\u00e4rung Information \u00fcber die Art, den Umfang und Zweck der Erhebung und Verwendung ihrer Daten durch den verantwortlichen Anbieter erhoben und verwendet werden.<\/p>\n<p>Den rechtlichen Rahmen f\u00fcr den Datenschutz bilden das Bundesdatenschutzgesetz (BDSG) und das Telemediengesetz (TMG).<\/p>\n<p><strong>Erfassung allgemeiner Informationen<\/strong><\/p>\n<p>Mit jedem Zugriff auf dieses Angebot werden durch uns bzw. den Webspace-Provider automatisch Informationen erfasst. Diese Informationen, auch als Server-Logfiles bezeichnet, sind allgemeiner Natur und erlauben keine R\u00fcckschl\u00fcsse auf Ihre Person.<\/p>\n<p>Erfasst werden unter anderem: Name der Webseite, Datei, Datum, Datenmenge, Webbrowser und Webbrowser-Version, Betriebssystem, der Domainname Ihres Internet-Providers, die sogenannte Referrer-URL (jene Seite, von der aus Sie auf unser Angebot zugegriffen haben) und die IP-Adresse.<\/p>\n<p>Ohne diese Daten w\u00e4re es technisch teils nicht m\u00f6glich, die Inhalte der Webseite auszuliefern und darzustellen. Insofern ist die Erfassung der Daten zwingend notwendig. Dar\u00fcber hinaus verwenden wir die anonymen Informationen f\u00fcr statistische Zwecke. Sie helfen uns bei der Optimierung des Angebots und der Technik. Wir behalten uns zudem das Recht vor, die Log-Files bei Verdacht auf eine rechtswidrige Nutzung unseres Angebotes nachtr\u00e4glich zu kontrollieren.<\/p>\n<p><strong>Kontaktformular<\/strong><\/p>\n<p>Wenn Sie uns \u00fcber das Onlineformular oder per E-Mail kontaktieren, speichern wir die von Ihnen gemachten Angaben, um Ihre Anfrage beantworten und m\u00f6gliche Anschlussfragen stellen zu k\u00f6nnen.<\/p>\n<p><strong>Cookies<\/strong><\/p>\n<p>Diese Webseite verwendet sogenannte Cookies. Das sind Textdateien, die vom Server aus auf Ihrem Rechner gespeichert werden. Sie enthalten Informationen zum Browser, zur IP-Adresse, dem Betriebssystem und zur Internetverbindung. Diese Daten werden von uns nicht an Dritte weitergegeben oder ohne ihre Zustimmung mit personenbezogenen Daten verkn\u00fcpft.<\/p>\n<p>Cookies erf\u00fcllen vor allem zwei Aufgaben. Sie helfen uns, Ihnen die Navigation durch unser Angebot zu erleichtern, und erm\u00f6glichen die korrekte Darstellung der Webseite. Sie werden nicht dazu genutzt, Viren einzuschleusen oder Programme zu starten.<\/p>\n<p>Nutzer haben die M\u00f6glichkeit, unser Angebot auch ohne Cookies aufzurufen. Dazu m\u00fcssen im Browser die entsprechenden Einstellungen ge\u00e4ndert werden. Informieren Sie sich bitte \u00fcber die Hilfsfunktion Ihres Browsers, wie Cookies deaktiviert werden. Wir weisen allerdings darauf hin, dass dadurch einige Funktionen dieser Webseite m\u00f6glicherweise beeintr\u00e4chtigt werden und der Nutzungskomfort eingeschr\u00e4nkt wird. Die Seiten <a href=\"http:\/\/www.aboutads.info\/choices\/\">http:\/\/www.aboutads.info\/choices\/<\/a> (USA) und <a href=\"http:\/\/www.youronlinechoices.com\/uk\/your-ad-choices\/\">http:\/\/www.youronlinechoices.com\/uk\/your-ad-choices\/<\/a> (Europa) erlauben es Ihnen, Online-Anzeigen-Cookies zu verwalten.<\/p>\n<p><strong>Verwendung von Google Analytics<\/strong><\/p>\n<p>Diese Webseite benutzt Google Analytics, einen Webanalysedienst der Google Inc. (\u201cGoogle\u201d). Google Analytics verwendet sog. \u201cCookies\u201d, Textdateien, die auf Ihrem Computer gespeichert werden und die eine Analyse der Benutzung der Webseite durch Sie erm\u00f6glichen. Die durch den Cookie erzeugten Informationen \u00fcber Ihre Benutzung dieser Webseite werden in der Regel an einen Server von Google in den USA \u00fcbertragen und dort gespeichert. Aufgrund der Aktivierung der IP-Anonymisierung auf diesen Webseiten, wird Ihre IP-Adresse von Google jedoch innerhalb von Mitgliedstaaten der Europ\u00e4ischen Union oder in anderen Vertragsstaaten des Abkommens \u00fcber den Europ\u00e4ischen Wirtschaftsraum zuvor gek\u00fcrzt. Nur in Ausnahmef\u00e4llen wird die volle IP-Adresse an einen Server von Google in den USA \u00fcbertragen und dort gek\u00fcrzt.<\/p>\n<p>Im Auftrag des Betreibers dieser Webseite wird Google diese Informationen benutzen, um Ihre Nutzung der Webseite auszuwerten, um Reports \u00fcber die Webseitenaktivit\u00e4ten zusammenzustellen und um weitere mit der Webseitennutzung und der Internetnutzung verbundene Dienstleistungen gegen\u00fcber dem Webseitenbetreiber zu erbringen. Die im Rahmen von Google Analytics von Ihrem Browser \u00fcbermittelte IP-Adresse wird nicht mit anderen Daten von Google zusammengef\u00fchrt. Sie k\u00f6nnen die Speicherung der Cookies durch eine entsprechende Einstellung Ihrer Browser-Software verhindern. Wir weisen Sie jedoch darauf hin, dass Sie in diesem Fall gegebenenfalls nicht s\u00e4mtliche Funktionen dieser Webseite vollumf\u00e4nglich werden nutzen k\u00f6nnen.<\/p>\n<p>Sie k\u00f6nnen dar\u00fcber hinaus die Erfassung der durch das Cookie erzeugten und auf Ihre Nutzung der Webseite bezogenen Daten (inkl. Ihrer IP-Adresse) an Google sowie die Verarbeitung dieser Daten durch Google verhindern, indem sie das unter dem folgenden Link verf\u00fcgbare Browser-Plugin herunterladen und installieren: <a href=\"http:\/\/tools.google.com\/dlpage\/gaoptout?hl=de\">Browser Add On zur Deaktivierung von Google Analytics<\/a>.<\/p>\n<p>N\u00e4here Informationen zu Nutzungsbedingungen und Datenschutz finden Sie unter <a href=\"http:\/\/www.google.com\/analytics\/terms\/de.html\">http:\/\/www.google.com\/analytics\/terms\/de.html<\/a> bzw. unter <a href=\"https:\/\/www.google.de\/intl\/de\/policies\/\">https:\/\/www.google.de\/intl\/de\/policies\/<\/a>.<\/p>\n<p><strong>Datensparsamkeit<\/strong><\/p>\n<p>Personenbezogene Daten speichern wir gem\u00e4\u00df den Grunds\u00e4tzen der Datenvermeidung und Datensparsamkeit nur so lange, wie es erforderlich ist oder vom Gesetzgeber her vorgeschrieben wird (gesetzliche Speicherfrist). Entf\u00e4llt der Zweck der erhobenen Informationen oder endet die Speicherfrist, sperren oder l\u00f6schen wir die Daten.<\/p>\n<p><strong>Ihre Rechte auf Auskunft, Berichtigung, Sperre, L\u00f6schung und Widerspruch<\/strong><\/p>\n<p>Sie haben das Recht, auf Antrag unentgeltlich eine Auskunft, \u00fcber die bei uns gespeicherten personenbezogenen Daten, anzufordern und\/oder eine Berichtigung, Sperrung oder L\u00f6schung zu verlangen. Ausnahmen: Es handelt sich um die vorgeschriebene Datenspeicherung zur Gesch\u00e4ftsabwicklung oder die Daten unterliegen der gesetzlichen Aufbewahrungspflicht.<\/p>\n<p>F\u00fcr diese Zwecke kontaktieren Sie bitte unseren Datenschutzbeauftragen (Kontaktdaten: am Ende der Datenschutzerkl\u00e4rung).<\/p>\n<p>Um eine Datensperre jederzeit ber\u00fccksichtigen zu k\u00f6nnen, ist es erforderlich, die Daten f\u00fcr Kontrollzwecke in einer Sperrdatei vorzuhalten. Besteht keine gesetzliche Archivierungspflicht, k\u00f6nnen Sie auch die L\u00f6schung der Daten verlangen. Anderenfalls sperren wir die Daten, sofern Sie dies w\u00fcnschen.<\/p>\n<p><strong>\u00c4nderung unserer Datenschutzerkl\u00e4rung<\/strong><\/p>\n<p>Um zu gew\u00e4hrleisten, dass unsere Datenschutzerkl\u00e4rung stets den aktuellen gesetzlichen Vorgaben entspricht, behalten wir uns jederzeit \u00c4nderungen vor. Das gilt auch f\u00fcr den Fall, dass die Datenschutzerkl\u00e4rung aufgrund neuer oder \u00fcberarbeiteter Leistungen, zum Beispiel neuer Serviceleistungen, angepasst werden muss. Die neue Datenschutzerkl\u00e4rung greift dann bei Ihrem n\u00e4chsten Besuch auf unserem Angebot.<\/p>\n<p><small>Quelle: Datenschutz-Konfigurator von <a href=\"http:\/\/www.mein-datenschutzbeauftragter.de\" target=\"_blank\" rel=\"noopener\">mein-datenschutzbeauftragter.de<\/a><\/small><\/p>\n","protected":false},"excerpt":{"rendered":"<p>Anbieter und verantwortliche Stelle im Sinne des Datenschutzgesetzes Grundschule Lobbach Frau Biskup Schulstra\u00dfe 16 74931 Lobbach Datenschutzbeauftragter: Frau Schmidt-Schuch Geltungsbereich Nutzer erhalten mit dieser Datenschutzerkl\u00e4rung Information \u00fcber die Art, den Umfang und Zweck der Erhebung und Verwendung ihrer Daten durch den verantwortlichen Anbieter erhoben und verwendet werden. Den rechtlichen Rahmen f\u00fcr den Datenschutz bilden das [&hellip;]<\/p>\n","protected":false},"author":1,"featured_media":0,"parent":0,"menu_order":0,"comment_status":"closed","ping_status":"closed","template":"","meta":{"two_page_speed":[],"footnotes":""},"class_list":["post-1411","page","type-page","status-publish","hentry"],"_links":{"self":[{"href":"https:\/\/www.grundschule-lobbach.de\/index.php?rest_route=\/wp\/v2\/pages\/1411","targetHints":{"allow":["GET"]}}],"collection":[{"href":"https:\/\/www.grundschule-lobbach.de\/index.php?rest_route=\/wp\/v2\/pages"}],"about":[{"href":"https:\/\/www.grundschule-lobbach.de\/index.php?rest_route=\/wp\/v2\/types\/page"}],"author":[{"embeddable":true,"href":"https:\/\/www.grundschule-lobbach.de\/index.php?rest_route=\/wp\/v2\/users\/1"}],"replies":[{"embeddable":true,"href":"https:\/\/www.grundschule-lobbach.de\/index.php?rest_route=%2Fwp%2Fv2%2Fcomments&post=1411"}],"version-history":[{"count":2,"href":"https:\/\/www.grundschule-lobbach.de\/index.php?rest_route=\/wp\/v2\/pages\/1411\/revisions"}],"predecessor-version":[{"id":1434,"href":"https:\/\/www.grundschule-lobbach.de\/index.php?rest_route=\/wp\/v2\/pages\/1411\/revisions\/1434"}],"wp:attachment":[{"href":"https:\/\/www.grundschule-lobbach.de\/index.php?rest_route=%2Fwp%2Fv2%2Fmedia&parent=1411"}],"curies":[{"name":"wp","href":"https:\/\/api.w.org\/{rel}","templated":true}]}}